{"id":27,"date":"2015-11-29T16:26:39","date_gmt":"2015-11-29T16:26:39","guid":{"rendered":"http:\/\/voksenkollveien5.no\/?page_id=27"},"modified":"2023-07-27T12:15:13","modified_gmt":"2023-07-27T10:15:13","slug":"forste-side","status":"publish","type":"page","link":"https:\/\/voksenkollveien5.no\/","title":{"rendered":"Fremside"},"content":{"rendered":"<p>[et_pb_section fb_built=&raquo;1&#8243; fullwidth=&raquo;on&raquo; _builder_version=&raquo;4.21.0&#8243; _module_preset=&raquo;default&raquo; hover_enabled=&raquo;0&#8243; global_colors_info=&raquo;{}&raquo; sticky_enabled=&raquo;0&#8243; custom_padding=&raquo;30px|0px|20px|0px|false|false&raquo; module_alignment=&raquo;center&raquo; background_color=&raquo;#f7f7f7&#8243;][et_pb_fullwidth_slider _builder_version=&raquo;4.21.0&#8243; _module_preset=&raquo;default&raquo; hover_enabled=&raquo;0&#8243; global_colors_info=&raquo;{}&raquo; animation_style=&raquo;fade&raquo; auto=&raquo;on&raquo; sticky_enabled=&raquo;0&#8243; custom_padding=&raquo;|0px||0px|false|false&raquo; content_width=&raquo;100%&raquo; height=&raquo;100%&raquo;][et_pb_slide _builder_version=&raquo;4.21.0&#8243; _module_preset=&raquo;default&raquo; background_image=&raquo;https:\/\/voksenkollveien5.no\/wp-content\/uploads\/2023\/07\/vk5-bilde1.png&raquo; background_enable_image=&raquo;on&raquo; hover_enabled=&raquo;0&#8243; global_colors_info=&raquo;{}&raquo; sticky_transition=&raquo;on&raquo; background_enable_color=&raquo;off&raquo; sticky_enabled=&raquo;0&#8243; title_text=&raquo;vk5-bilde1&#8243; hover_transition_duration=&raquo;250ms&raquo; hover_transition_speed_curve=&raquo;ease-in&raquo; background_size=&raquo;initial&raquo;][\/et_pb_slide][et_pb_slide _builder_version=&raquo;4.21.0&#8243; _module_preset=&raquo;default&raquo; background_image=&raquo;https:\/\/voksenkollveien5.no\/wp-content\/uploads\/2023\/07\/vk5-bilde2.jpg&raquo; background_enable_image=&raquo;on&raquo; hover_transition_speed_curve=&raquo;ease-in&raquo; hover_enabled=&raquo;0&#8243; global_colors_info=&raquo;{}&raquo; sticky_transition=&raquo;on&raquo; background_enable_color=&raquo;off&raquo; title_text=&raquo;vk5-bilde2&#8243; sticky_enabled=&raquo;0&#8243; hover_transition_duration=&raquo;250ms&raquo; background_size=&raquo;contain&raquo;][\/et_pb_slide][et_pb_slide _builder_version=&raquo;4.21.0&#8243; _module_preset=&raquo;default&raquo; background_enable_color=&raquo;off&raquo; title_text=&raquo;vk5-bilde3&#8243; background_image=&raquo;https:\/\/voksenkollveien5.no\/wp-content\/uploads\/2023\/07\/vk5-bilde3-1.jpg&raquo; background_enable_image=&raquo;on&raquo; hover_transition_speed_curve=&raquo;ease-in&raquo; hover_transition_duration=&raquo;250ms&raquo; hover_enabled=&raquo;0&#8243; sticky_enabled=&raquo;0&#8243; background_size=&raquo;contain&raquo;][\/et_pb_slide][et_pb_slide _builder_version=&raquo;4.21.0&#8243; _module_preset=&raquo;default&raquo; background_enable_color=&raquo;off&raquo; title_text=&raquo;vk5-bilde4&#8243; background_image=&raquo;https:\/\/voksenkollveien5.no\/wp-content\/uploads\/2023\/07\/vk5-bilde4.jpg&raquo; background_enable_image=&raquo;on&raquo; hover_enabled=&raquo;0&#8243; sticky_enabled=&raquo;0&#8243; background_size=&raquo;contain&raquo;][\/et_pb_slide][\/et_pb_fullwidth_slider][\/et_pb_section][et_pb_section fb_built=&raquo;1&#8243; _builder_version=&raquo;4.16&#8243; background_color=&raquo;#f7f7f7&#8243; hover_enabled=&raquo;0&#8243; global_colors_info=&raquo;{}&raquo; sticky_enabled=&raquo;0&#8243;][et_pb_row _builder_version=&raquo;4.16&#8243; background_size=&raquo;initial&raquo; background_position=&raquo;top_left&raquo; background_repeat=&raquo;repeat&raquo; hover_enabled=&raquo;0&#8243; global_colors_info=&raquo;{}&raquo; sticky_enabled=&raquo;0&#8243;][et_pb_column type=&raquo;4_4&#8243; _builder_version=&raquo;4.16&#8243; custom_padding=&raquo;|||&raquo; global_colors_info=&raquo;{}&raquo; custom_padding__hover=&raquo;|||&raquo;][et_pb_text _builder_version=&raquo;4.21.0&#8243; _module_preset=&raquo;default&raquo; hover_enabled=&raquo;0&#8243; sticky_enabled=&raquo;0&#8243;]<\/p>\n<h1>Velkommen til Voksenkollveien 5<\/h1>\n<p>[\/et_pb_text][et_pb_text _builder_version=&raquo;4.21.0&#8243; background_size=&raquo;initial&raquo; background_position=&raquo;top_left&raquo; background_repeat=&raquo;repeat&raquo; text_orientation=&raquo;center&raquo; module_alignment=&raquo;center&raquo; hover_enabled=&raquo;0&#8243; global_colors_info=&raquo;{}&raquo; text_font=&raquo;Roboto||||||||&raquo; text_letter_spacing=&raquo;1px&raquo; text_font_size=&raquo;15px&raquo; sticky_enabled=&raquo;0&#8243;]<\/p>\n<p style=\"text-align: left;\">Styret i sameiet Voksenkollveien 5, \u00f8nsker alle beboere i Thorleif Haugs vei\u00a01-3-5-7-9-75-77\u00a0 hjertelig velkommen til et fint og trivelig omr\u00e5de.<\/p>\n<p style=\"text-align: left;\">Sameiet best\u00e5r av 54\u00a0selveierleiligheter fordelt p\u00e5 7 hus, bygd p\u00e5\u00a016 m\u00e5l tomt, 410 m o.h.,\u00a0med\u00a0panoramautsikt over Oslo og omegn.<\/p>\n<p style=\"text-align: left;\">Fantastisk beliggehet\u00a0p\u00e5 oversiden av Holmenkollen Riksanlegg, h\u00f8yt og fritt, med en av\u00a0Voksenkollens flotteste utsikt.<br \/>Mellom Holmenkollen og Kongsseteren bor vi,\u00a0i \u00f8vre del av Vestre Aker bydel inntil Oslo-marka og turomr\u00e5dene.<\/p>\n<p style=\"text-align: left;\">Historien til\u00a0veinavnet: Thorleif Haug fra Lier (1894-1934), ble regnet som verdens beste skil\u00f8per i 1920 \u00e5rene. I de f\u00f8rste olympiske vinterleker i 1924, tok han tre gullmedaljer (kombinert, 18km og 50km). Han vant femmila i Holmenkollrennene seks ganger, fikk Holmekollmedaljen i 1919.<\/p>\n<p>[\/et_pb_text][et_pb_divider show_divider=&raquo;off&raquo; disabled_on=&raquo;on|on|off&raquo; _builder_version=&raquo;4.16&#8243; height=&raquo;60px&raquo; global_colors_info=&raquo;{}&raquo;][\/et_pb_divider][et_pb_divider show_divider=&raquo;off&raquo; disabled_on=&raquo;on|on|off&raquo; _builder_version=&raquo;4.16&#8243; height=&raquo;60px&raquo; global_colors_info=&raquo;{}&raquo;][\/et_pb_divider][\/et_pb_column][\/et_pb_row][\/et_pb_section]<\/p>\n","protected":false},"excerpt":{"rendered":"<p>Velkommen til Voksenkollveien 5Styret i sameiet Voksenkollveien 5, \u00f8nsker alle beboere i Thorleif Haugs vei\u00a01-3-5-7-9-75-77\u00a0 hjertelig velkommen til et fint og trivelig omr\u00e5de. Sameiet best\u00e5r av 54\u00a0selveierleiligheter fordelt p\u00e5 7 hus, bygd p\u00e5\u00a016 m\u00e5l tomt, 410 m o.h.,\u00a0med\u00a0panoramautsikt over Oslo og omegn. Fantastisk beliggehet\u00a0p\u00e5 oversiden av Holmenkollen Riksanlegg, h\u00f8yt og fritt, med en av\u00a0Voksenkollens flotteste [&hellip;]<\/p>\n","protected":false},"author":1,"featured_media":99,"parent":0,"menu_order":0,"comment_status":"closed","ping_status":"closed","template":"","meta":{"_et_pb_use_builder":"on","_et_pb_old_content":"<em><strong>S<\/strong>tyret i sameiet Voksenkollveien 5, \u00f8nsker alle beboere i Thorleif Haugs vei\u00a0<\/em>1-3-5-7-9-75-77<em>\u00a0 hjertelig velkommen til et fint og trivelig omr\u00e5de.<\/em>\n\n<strong>S<\/strong>ameiet best\u00e5r av 54\u00a0selveierleiligheter fordelt p\u00e5 7 hus, bygd p\u00e5\u00a016 m\u00e5l tomt, 410 m o.h.,\u00a0med\u00a0panoramautsikt over Oslo og omegn.\n\n<strong>F<\/strong>antastisk beliggehet\u00a0p\u00e5 oversiden av Holmenkollen Riksanlegg, h\u00f8yt og fritt, med en av\u00a0Voksenkollens flotteste utsikt.\nMellom Holmenkollen og Kongsseteren bor vi,\u00a0i \u00f8vre del av Vestre Aker bydel inntil Oslo-marka og turomr\u00e5dene.\n\n<em><strong>H<\/strong>istorien til\u00a0veinavnet: <strong>Thorleif Haug<\/strong> fra Lier (1894-1934), ble regnet som verdens beste skil\u00f8per i 1920 \u00e5rene. I de f\u00f8rste olympiske vinterleker i 1924, tok han tre gullmedaljer (kombinert, 18km og 50km). Han vant femmila i Holmenkollrennene seks ganger, fikk Holmekollmedaljen i 1919.<\/em>","_et_gb_content_width":"","footnotes":""},"class_list":["post-27","page","type-page","status-publish","has-post-thumbnail","hentry"],"_links":{"self":[{"href":"https:\/\/voksenkollveien5.no\/index.php\/wp-json\/wp\/v2\/pages\/27","targetHints":{"allow":["GET"]}}],"collection":[{"href":"https:\/\/voksenkollveien5.no\/index.php\/wp-json\/wp\/v2\/pages"}],"about":[{"href":"https:\/\/voksenkollveien5.no\/index.php\/wp-json\/wp\/v2\/types\/page"}],"author":[{"embeddable":true,"href":"https:\/\/voksenkollveien5.no\/index.php\/wp-json\/wp\/v2\/users\/1"}],"replies":[{"embeddable":true,"href":"https:\/\/voksenkollveien5.no\/index.php\/wp-json\/wp\/v2\/comments?post=27"}],"version-history":[{"count":18,"href":"https:\/\/voksenkollveien5.no\/index.php\/wp-json\/wp\/v2\/pages\/27\/revisions"}],"predecessor-version":[{"id":597,"href":"https:\/\/voksenkollveien5.no\/index.php\/wp-json\/wp\/v2\/pages\/27\/revisions\/597"}],"wp:featuredmedia":[{"embeddable":true,"href":"https:\/\/voksenkollveien5.no\/index.php\/wp-json\/wp\/v2\/media\/99"}],"wp:attachment":[{"href":"https:\/\/voksenkollveien5.no\/index.php\/wp-json\/wp\/v2\/media?parent=27"}],"curies":[{"name":"wp","href":"https:\/\/api.w.org\/{rel}","templated":true}]}}